{"id":56,"date":"2025-05-04T21:49:59","date_gmt":"2025-05-04T19:49:59","guid":{"rendered":"http:\/\/tresorsa.com\/?page_id=56"},"modified":"2025-05-04T22:57:00","modified_gmt":"2025-05-04T20:57:00","slug":"tresor-s-a","status":"publish","type":"page","link":"http:\/\/tresorsa.com\/","title":{"rendered":"Tresor S.A."},"content":{"rendered":"\n<p class=\"has-normal-font-size\">G\u0142\u00f3wnym obszarem dzia\u0142alno\u015bci&nbsp;firmy to kontrolowanie i zarz\u0105dzanie innymi sp\u00f3\u0142kami lub przedsi\u0119biorstwami, planowanie strategiczne lub organizacyjne oraz procesy podejmowania decyzji oraz doradztwo i bezpo\u015bredni\u0105 pomoc dla podmiot\u00f3w gospodarczych i innych jednostek a w szczeg\u00f3lno\u015bci:<\/p>\n\n\n\n<ul class=\"wp-block-list\">\n<li>planowania strategicznego i organizacyjnego,<\/li>\n\n\n\n<li>strategii i dzia\u0142alno\u015bci marketingowej,<\/li>\n\n\n\n<li>kontroli koszt\u00f3w i innych zagadnie\u0144 finansowych,<\/li>\n\n\n\n<li>zarz\u0105dzania produkcj\u0105,<\/li>\n\n\n\n<li>zarz\u0105dzania zasobami ludzkimi, doradztwa personalnego,<\/li>\n\n\n\n<li>planowania, organizacji pracy, efektywno\u015bci zarz\u0105dzania,<\/li>\n\n\n\n<li>opracowywania system\u00f3w prowadzenia rachunkowo\u015bci i kontroli wydatk\u00f3w.<\/li>\n\n\n\n<li>planowania metod czy procedur dotycz\u0105cych rachunkowo\u015bci,<\/li>\n\n\n\n<li>program\u00f3w zwi\u0105zanych z kalkulowaniem koszt\u00f3w, procedur dotycz\u0105cych kontroli bud\u017cetu.<\/li>\n<\/ul>\n\n\n\n<p><\/p>\n","protected":false},"excerpt":{"rendered":"<p>G\u0142\u00f3wnym obszarem dzia\u0142alno\u015bci&nbsp;firmy to kontrolowanie i zarz\u0105dzanie innymi sp\u00f3\u0142kami lub przedsi\u0119biorstwami, planowanie strategiczne lub organizacyjne oraz procesy podejmowania decyzji oraz doradztwo i bezpo\u015bredni\u0105 pomoc dla podmiot\u00f3w gospodarczych i innych jednostek a w szczeg\u00f3lno\u015bci:<\/p>\n","protected":false},"author":1,"featured_media":0,"parent":0,"menu_order":0,"comment_status":"closed","ping_status":"closed","template":"","meta":{"footnotes":""},"class_list":["post-56","page","type-page","status-publish","hentry"],"_links":{"self":[{"href":"http:\/\/tresorsa.com\/index.php\/wp-json\/wp\/v2\/pages\/56","targetHints":{"allow":["GET"]}}],"collection":[{"href":"http:\/\/tresorsa.com\/index.php\/wp-json\/wp\/v2\/pages"}],"about":[{"href":"http:\/\/tresorsa.com\/index.php\/wp-json\/wp\/v2\/types\/page"}],"author":[{"embeddable":true,"href":"http:\/\/tresorsa.com\/index.php\/wp-json\/wp\/v2\/users\/1"}],"replies":[{"embeddable":true,"href":"http:\/\/tresorsa.com\/index.php\/wp-json\/wp\/v2\/comments?post=56"}],"version-history":[{"count":3,"href":"http:\/\/tresorsa.com\/index.php\/wp-json\/wp\/v2\/pages\/56\/revisions"}],"predecessor-version":[{"id":70,"href":"http:\/\/tresorsa.com\/index.php\/wp-json\/wp\/v2\/pages\/56\/revisions\/70"}],"wp:attachment":[{"href":"http:\/\/tresorsa.com\/index.php\/wp-json\/wp\/v2\/media?parent=56"}],"curies":[{"name":"wp","href":"https:\/\/api.w.org\/{rel}","templated":true}]}}