{"id":7,"date":"2025-05-04T20:06:28","date_gmt":"2025-05-04T18:06:28","guid":{"rendered":"http:\/\/tresorsa.com\/?page_id=7"},"modified":"2025-05-04T20:33:38","modified_gmt":"2025-05-04T18:33:38","slug":"informacje","status":"publish","type":"page","link":"http:\/\/tresorsa.com\/index.php\/informacje\/","title":{"rendered":"Dla Akcjonariuszy"},"content":{"rendered":"\n<p>Zarz\u0105d TRESOR S.A. z siedzib\u0105 w Warszawie, zwo\u0142uje Zwyczajne Walne Zgromadzenie Sp\u00f3\u0142ki w dniu<br>20 maja 2025r., g. 12.00, w Kancelarii Notarialnej Leszka Zabielskiego, Warszawa, ul. G\u00f3rskiego 6\/2.<br>Porz\u0105dek obrad:<\/p>\n\n\n\n<ol class=\"wp-block-list\">\n<li>Otwarcie obrad Walnego Zgromadzenia<\/li>\n\n\n\n<li>Wyb\u00f3r Przewodnicz\u0105cego<\/li>\n\n\n\n<li>Stwierdzenie prawid\u0142owo\u015bci zwo\u0142ania Walnego Zgromadzenia oraz jego zdolno\u015bci do<br>podejmowania uchwa\u0142<\/li>\n\n\n\n<li>Podj\u0119cie uchwa\u0142y w sprawie zatwierdzenia sprawozdania Zarz\u0105du z dzia\u0142alno\u015bci Sp\u00f3\u0142ki za 2024 rok<\/li>\n\n\n\n<li>Podj\u0119cie uchwa\u0142y w sprawie zatwierdzenia sprawozdania finansowego Sp\u00f3\u0142ki za 2024 rok<\/li>\n\n\n\n<li>Podj\u0119cie uchwa\u0142y w sprawie pokrycia straty za 2024 rok<\/li>\n\n\n\n<li>Podj\u0119cie uchwa\u0142 w sprawie udzielenia absolutorium cz\u0142onkom Rady Nadzorczej Sp\u00f3\u0142ki z<br>wykonywania obowi\u0105zk\u00f3w za 2024 rok<\/li>\n\n\n\n<li>Podj\u0119cie uchwa\u0142 w sprawie udzielenia absolutorium cz\u0142onkom Zarz\u0105du z wykonywania<br>obowi\u0105zk\u00f3w za 2024 rok<\/li>\n\n\n\n<li>Zamkni\u0119cie obrad Zwyczajnego Walnego Zgromadzenia<\/li>\n<\/ol>\n\n\n\n<p><\/p>\n","protected":false},"excerpt":{"rendered":"<p>Zarz\u0105d TRESOR S.A. z siedzib\u0105 w Warszawie, zwo\u0142uje Zwyczajne Walne Zgromadzenie Sp\u00f3\u0142ki w dniu20 maja 2025r., g. 12.00, w Kancelarii Notarialnej Leszka Zabielskiego, Warszawa, ul. G\u00f3rskiego 6\/2.Porz\u0105dek obrad:<\/p>\n","protected":false},"author":1,"featured_media":0,"parent":0,"menu_order":0,"comment_status":"closed","ping_status":"closed","template":"","meta":{"footnotes":""},"class_list":["post-7","page","type-page","status-publish","hentry"],"_links":{"self":[{"href":"http:\/\/tresorsa.com\/index.php\/wp-json\/wp\/v2\/pages\/7","targetHints":{"allow":["GET"]}}],"collection":[{"href":"http:\/\/tresorsa.com\/index.php\/wp-json\/wp\/v2\/pages"}],"about":[{"href":"http:\/\/tresorsa.com\/index.php\/wp-json\/wp\/v2\/types\/page"}],"author":[{"embeddable":true,"href":"http:\/\/tresorsa.com\/index.php\/wp-json\/wp\/v2\/users\/1"}],"replies":[{"embeddable":true,"href":"http:\/\/tresorsa.com\/index.php\/wp-json\/wp\/v2\/comments?post=7"}],"version-history":[{"count":4,"href":"http:\/\/tresorsa.com\/index.php\/wp-json\/wp\/v2\/pages\/7\/revisions"}],"predecessor-version":[{"id":38,"href":"http:\/\/tresorsa.com\/index.php\/wp-json\/wp\/v2\/pages\/7\/revisions\/38"}],"wp:attachment":[{"href":"http:\/\/tresorsa.com\/index.php\/wp-json\/wp\/v2\/media?parent=7"}],"curies":[{"name":"wp","href":"https:\/\/api.w.org\/{rel}","templated":true}]}}